{"id":17,"date":"2016-07-11T18:08:54","date_gmt":"2016-07-11T18:08:54","guid":{"rendered":"http:\/\/gramaverde.com\/es\/?page_id=17"},"modified":"2016-07-26T15:39:08","modified_gmt":"2016-07-26T15:39:08","slug":"contacto-2","status":"publish","type":"page","link":"https:\/\/gramaverde.com\/ve\/contacto-2\/","title":{"rendered":"Contacto"},"content":{"rendered":"<div id=\"pl-17\"  class=\"panel-layout\" ><div id=\"pg-17-0\"  class=\"panel-grid panel-no-style\" ><div id=\"pgc-17-0-0\"  class=\"panel-grid-cell panel-grid-cell-mobile-last\" ><div id=\"panel-17-0-0-0\" class=\"so-panel widget widget_sow-editor panel-first-child panel-last-child\" data-index=\"0\" ><div\n\t\t\t\n\t\t\tclass=\"so-widget-sow-editor so-widget-sow-editor-base\"\n\t\t\t\n\t\t>\n<div class=\"siteorigin-widget-tinymce textwidget\">\n\t<p>Para mayor informaci\u00f3n sobre nuestros productos o Fundaci\u00f3n 100%GramaVerde cont\u00e1ctenos por estas v\u00edas:<\/p>\n<p>Direcci\u00f3n Caracas: Av. Estadio con Calle Sanoja.<br \/> Qta. Irene, Local 6 Los Chaguaramos. Caracas, Venezuela.<br \/> Tel: +58 (212) 662.7116<br \/> +58 (212) 693.7744<br \/> +58 (412) 859.2102<br \/> E-mails: info@gramaverde.com<br \/> 100gramaverde@gmail.com<br \/> ventas@gramaverde.com<br \/> Twitter \/ Facebook: @gramaverde \/ 100% Grama Verde<br \/> O llene el siguiente formulario:<\/p>\n<\/div>\n<\/div><\/div><\/div><div id=\"pgc-17-0-1\"  class=\"panel-grid-cell panel-grid-cell-empty\" ><\/div><\/div><\/div>","protected":false},"excerpt":{"rendered":"<p>Para mayor informaci\u00f3n sobre nuestros productos o Fundaci\u00f3n 100%GramaVerde cont\u00e1ctenos por estas v\u00edas:Direcci\u00f3n Caracas: Av. Estadio con Calle Sanoja. Qta. [&hellip;]<\/p>\n","protected":false},"author":1,"featured_media":0,"parent":0,"menu_order":0,"comment_status":"closed","ping_status":"closed","template":"contacto-gv.php","meta":{"footnotes":""},"class_list":["post-17","page","type-page","status-publish","hentry"],"_links":{"self":[{"href":"https:\/\/gramaverde.com\/ve\/wp-json\/wp\/v2\/pages\/17","targetHints":{"allow":["GET"]}}],"collection":[{"href":"https:\/\/gramaverde.com\/ve\/wp-json\/wp\/v2\/pages"}],"about":[{"href":"https:\/\/gramaverde.com\/ve\/wp-json\/wp\/v2\/types\/page"}],"author":[{"embeddable":true,"href":"https:\/\/gramaverde.com\/ve\/wp-json\/wp\/v2\/users\/1"}],"replies":[{"embeddable":true,"href":"https:\/\/gramaverde.com\/ve\/wp-json\/wp\/v2\/comments?post=17"}],"version-history":[{"count":3,"href":"https:\/\/gramaverde.com\/ve\/wp-json\/wp\/v2\/pages\/17\/revisions"}],"predecessor-version":[{"id":402,"href":"https:\/\/gramaverde.com\/ve\/wp-json\/wp\/v2\/pages\/17\/revisions\/402"}],"wp:attachment":[{"href":"https:\/\/gramaverde.com\/ve\/wp-json\/wp\/v2\/media?parent=17"}],"curies":[{"name":"wp","href":"https:\/\/api.w.org\/{rel}","templated":true}]}}